{"id":95,"date":"2023-02-03T12:08:23","date_gmt":"2023-02-03T12:08:23","guid":{"rendered":"https:\/\/varaventure.com\/?page_id=95"},"modified":"2023-07-06T09:07:43","modified_gmt":"2023-07-06T09:07:43","slug":"loup","status":"publish","type":"page","link":"https:\/\/varaventure.com\/?page_id=95","title":{"rendered":"Loup"},"content":{"rendered":"\n<p class=\"has-text-align-center has-white-color has-text-color\"><strong>Gours du Ray<\/strong><\/p>\n\n\n\n<p><\/p>\n\n\n\n<p><\/p>\n\n\n\n<div class=\"wp-block-kadence-infobox kt-info-box_7592a3-e3\"><span class=\"kt-blocks-info-box-link-wrap info-box-link kt-blocks-info-box-media-align-left kt-info-halign-left\"><div class=\"kt-blocks-info-box-media-container\"><div class=\"kt-blocks-info-box-media kt-info-media-animate-none\"><div class=\"kadence-info-box-icon-container kt-info-icon-animate-none\"><div class=\"kadence-info-box-icon-inner-container\"><span data-name=\"fe_alertOctagon\" data-stroke=\"1\" data-class=\"kt-info-svg-icon\" class=\"kadence-dynamic-icon\"><\/span><\/div><\/div><\/div><\/div><div class=\"kt-infobox-textcontent\"><h2 class=\"kt-blocks-info-box-title\">Gours du Ray<\/h2><p class=\"kt-blocks-info-box-text\"><strong>Canyon d&#8217;initiation et de charme aux abords de Gr\u00e9oli\u00e8res agr\u00e9ment\u00e9 de divers toboggans, sauts et petits rappels r\u00e9galant petits et grands. La beaut\u00e9 du lieu et la clart\u00e9 de l&#8217;eau vous accompagnerons tout au long de cette aventure ludique et unique\u00a0!<\/strong><\/p><\/div><\/span><\/div>\n\n\n\n<div class=\"wp-block-kadence-infobox kt-info-box_2d7faf-95\"><span class=\"kt-blocks-info-box-link-wrap info-box-link kt-blocks-info-box-media-align-left kt-info-halign-left\"><div class=\"kt-blocks-info-box-media-container\"><div class=\"kt-blocks-info-box-media kt-info-media-animate-none\"><div class=\"kadence-info-box-icon-container kt-info-icon-animate-none\"><div class=\"kadence-info-box-icon-inner-container\"><span data-name=\"fe_aperture\" data-stroke=\"1\" data-class=\"kt-info-svg-icon\" class=\"kadence-dynamic-icon\"><\/span><\/div><\/div><\/div><\/div><div class=\"kt-infobox-textcontent\"><h2 class=\"kt-blocks-info-box-title\">Gorges du Loup<\/h2><p class=\"kt-blocks-info-box-text\">L\u00e9gendaire parcours, Paysages \u00e0 couper le souffle, toboggans lunaires, nombreux sauts et possibilit\u00e9s de rappels dans ce canyon au gros d\u00e9bits avec des marches d&#8217;approches courtes en font le parcours phare des Alpes Maritimes\u00a0!<br\/>\u00a0<\/p><\/div><\/span><\/div>\n\n\n\n<div class=\"wp-block-kadence-infobox kt-info-box_0b26d4-91\"><span class=\"kt-blocks-info-box-link-wrap info-box-link kt-blocks-info-box-media-align-left kt-info-halign-left\"><div class=\"kt-blocks-info-box-media-container\"><div class=\"kt-blocks-info-box-media kt-info-media-animate-none\"><div class=\"kadence-info-box-icon-container kt-info-icon-animate-none\"><div class=\"kadence-info-box-icon-inner-container\"><span data-name=\"fe_alertTriangle\" data-stroke=\"1\" data-class=\"kt-info-svg-icon\" class=\"kadence-dynamic-icon\"><\/span><\/div><\/div><\/div><\/div><div class=\"kt-infobox-textcontent\"><h2 class=\"kt-blocks-info-box-title\">B\u00e8s de Courmes + gorges du Loup<\/h2><p class=\"kt-blocks-info-box-text\">Une cascade de 60 m\u00e8tres cl\u00f4turera la premi\u00e8re partie tr\u00e8s verticale de ce canyon avec plusieurs rappels de 5 \u00e0 13 m\u00e8tres pour d\u00e9buter. Viendra ensuite le Loup et ses l\u00e9gendaires toboggans, sauts et sa tyrolienne splash final qui vous en mentrons plein la vue\u00a0!<\/p><\/div><\/span><\/div>\n\n\n\n<div class=\"wp-block-kadence-image kb-image_33488a-80\"><figure class=\"aligncenter size-large\"><img loading=\"lazy\" decoding=\"async\" width=\"1024\" height=\"869\" src=\"https:\/\/varaventure.com\/wp-content\/uploads\/2023\/02\/couv-2-1024x869.jpg\" alt=\"\" class=\"kb-img wp-image-103\" srcset=\"https:\/\/varaventure.com\/wp-content\/uploads\/2023\/02\/couv-2-1024x869.jpg 1024w, https:\/\/varaventure.com\/wp-content\/uploads\/2023\/02\/couv-2-300x254.jpg 300w, https:\/\/varaventure.com\/wp-content\/uploads\/2023\/02\/couv-2-768x651.jpg 768w, https:\/\/varaventure.com\/wp-content\/uploads\/2023\/02\/couv-2-1536x1303.jpg 1536w, https:\/\/varaventure.com\/wp-content\/uploads\/2023\/02\/couv-2-2048x1737.jpg 2048w\" sizes=\"(max-width: 1024px) 100vw, 1024px\" \/><\/figure><\/div>\n","protected":false},"excerpt":{"rendered":"<p>Gours du Ray<\/p>\n","protected":false},"author":2,"featured_media":0,"parent":0,"menu_order":0,"comment_status":"closed","ping_status":"closed","template":"","meta":{"footnotes":""},"_links":{"self":[{"href":"https:\/\/varaventure.com\/index.php?rest_route=\/wp\/v2\/pages\/95"}],"collection":[{"href":"https:\/\/varaventure.com\/index.php?rest_route=\/wp\/v2\/pages"}],"about":[{"href":"https:\/\/varaventure.com\/index.php?rest_route=\/wp\/v2\/types\/page"}],"author":[{"embeddable":true,"href":"https:\/\/varaventure.com\/index.php?rest_route=\/wp\/v2\/users\/2"}],"replies":[{"embeddable":true,"href":"https:\/\/varaventure.com\/index.php?rest_route=%2Fwp%2Fv2%2Fcomments&post=95"}],"version-history":[{"count":19,"href":"https:\/\/varaventure.com\/index.php?rest_route=\/wp\/v2\/pages\/95\/revisions"}],"predecessor-version":[{"id":244,"href":"https:\/\/varaventure.com\/index.php?rest_route=\/wp\/v2\/pages\/95\/revisions\/244"}],"wp:attachment":[{"href":"https:\/\/varaventure.com\/index.php?rest_route=%2Fwp%2Fv2%2Fmedia&parent=95"}],"curies":[{"name":"wp","href":"https:\/\/api.w.org\/{rel}","templated":true}]}}